{"id":764,"date":"2020-01-28T07:12:05","date_gmt":"2020-01-28T06:12:05","guid":{"rendered":"https:\/\/mboageek.com\/?page_id=764"},"modified":"2020-01-28T21:27:07","modified_gmt":"2020-01-28T20:27:07","slug":"politique-de-confidentialite","status":"publish","type":"page","link":"https:\/\/mboageek.com\/en\/politique-de-confidentialite\/","title":{"rendered":"Politique de confidentialit\u00e9"},"content":{"rendered":"<p>[et_pb_section fb_built=\u00a0\u00bb1&Prime; custom_padding_last_edited=\u00a0\u00bbon|phone\u00a0\u00bb admin_label=\u00a0\u00bbPage Title Section\u00a0\u00bb _builder_version=\u00a0\u00bb4.0.11&Prime; use_background_color_gradient=\u00a0\u00bbon\u00a0\u00bb background_color_gradient_start=\u00a0\u00bbrgba(11,73,122,0.98)\u00a0\u00bb background_color_gradient_end=\u00a0\u00bb#0c71c3&Prime; background_enable_image=\u00a0\u00bboff\u00a0\u00bb custom_padding=\u00a0\u00bb60px||60px||true\u00a0\u00bb custom_padding_tablet=\u00a0\u00bb30px||30px||true|false\u00a0\u00bb custom_padding_phone=\u00a0\u00bb15px||15px||true|false\u00a0\u00bb][et_pb_row admin_label=\u00a0\u00bbPage Title Area\u00a0\u00bb _builder_version=\u00a0\u00bb3.25&Prime; background_size=\u00a0\u00bbinitial\u00a0\u00bb background_position=\u00a0\u00bbtop_left\u00a0\u00bb background_repeat=\u00a0\u00bbrepeat\u00a0\u00bb][et_pb_column type=\u00a0\u00bb4_4&Prime; _builder_version=\u00a0\u00bb3.25&Prime; custom_padding=\u00a0\u00bb|||\u00a0\u00bb custom_padding__hover=\u00a0\u00bb|||\u00a0\u00bb][et_pb_text admin_label=\u00a0\u00bbTitle\u00a0\u00bb _builder_version=\u00a0\u00bb4.2.2&Prime; text_font=\u00a0\u00bbMuli|600|||||||\u00a0\u00bb text_font_size=\u00a0\u00bb18px\u00a0\u00bb text_line_height=\u00a0\u00bb1.8em\u00a0\u00bb header_font=\u00a0\u00bbMuli|800|||||||\u00a0\u00bb header_font_size=\u00a0\u00bb48px\u00a0\u00bb header_line_height=\u00a0\u00bb1.4em\u00a0\u00bb header_2_font=\u00a0\u00bb||||||||\u00a0\u00bb text_orientation=\u00a0\u00bbcenter\u00a0\u00bb background_layout=\u00a0\u00bbdark\u00a0\u00bb max_width=\u00a0\u00bb700px\u00a0\u00bb module_alignment=\u00a0\u00bbcenter\u00a0\u00bb custom_margin=\u00a0\u00bb|||\u00a0\u00bb animation_style=\u00a0\u00bbfade\u00a0\u00bb text_font_size_tablet=\u00a0\u00bb\u00a0\u00bb text_font_size_phone=\u00a0\u00bb16px\u00a0\u00bb text_font_size_last_edited=\u00a0\u00bbon|phone\u00a0\u00bb header_font_size_tablet=\u00a0\u00bb\u00a0\u00bb header_font_size_phone=\u00a0\u00bb24px\u00a0\u00bb header_font_size_last_edited=\u00a0\u00bbon|phone\u00a0\u00bb]<\/p>\n<h1>Politique de confidentialit\u00e9<\/h1>\n<p>Consultez toutes les informations relatives \u00e0 la protection de vos donn\u00e9es personnelles.<\/p>\n<p>[\/et_pb_text][\/et_pb_column][\/et_pb_row][\/et_pb_section][et_pb_section fb_built=\u00a0\u00bb1&Prime; custom_padding_last_edited=\u00a0\u00bbon|phone\u00a0\u00bb _builder_version=\u00a0\u00bb4.2.2&Prime; custom_padding=\u00a0\u00bb60px||60px||true|false\u00a0\u00bb custom_padding_tablet=\u00a0\u00bb30px||30px||true|false\u00a0\u00bb custom_padding_phone=\u00a0\u00bb15px||15px||true|false\u00a0\u00bb][et_pb_row _builder_version=\u00a0\u00bb4.0.11&Prime;][et_pb_column type=\u00a0\u00bb4_4&Prime; _builder_version=\u00a0\u00bb4.0.11&Prime;][et_pb_text _builder_version=\u00a0\u00bb4.2.2&Prime; text_font=\u00a0\u00bbMuli||||||||\u00a0\u00bb text_font_size=\u00a0\u00bb16px\u00a0\u00bb text_line_height=\u00a0\u00bb1.8em\u00a0\u00bb header_2_font=\u00a0\u00bbMuli|600|||||||\u00a0\u00bb header_2_line_height=\u00a0\u00bb1.4em\u00a0\u00bb header_3_font=\u00a0\u00bbMuli|600|||||||\u00a0\u00bb header_4_font_size=\u00a0\u00bb19px\u00a0\u00bb hover_enabled=\u00a0\u00bb0&Prime; text_font_size_tablet=\u00a0\u00bb\u00a0\u00bb text_font_size_phone=\u00a0\u00bb14px\u00a0\u00bb text_font_size_last_edited=\u00a0\u00bbon|phone\u00a0\u00bb header_2_font_size_tablet=\u00a0\u00bb\u00a0\u00bb header_2_font_size_phone=\u00a0\u00bb20px\u00a0\u00bb header_2_font_size_last_edited=\u00a0\u00bbon|phone\u00a0\u00bb header_3_font_size_tablet=\u00a0\u00bb\u00a0\u00bb header_3_font_size_phone=\u00a0\u00bb18px\u00a0\u00bb header_3_font_size_last_edited=\u00a0\u00bbon|phone\u00a0\u00bb header_3_line_height_tablet=\u00a0\u00bb\u00a0\u00bb header_3_line_height_phone=\u00a0\u00bb1.4em\u00a0\u00bb header_3_line_height_last_edited=\u00a0\u00bbon|phone\u00a0\u00bb header_4_font_size_last_edited=\u00a0\u00bbon|phone\u00a0\u00bb header_4_font_size_phone=\u00a0\u00bb16px\u00a0\u00bb header_4_line_height_last_edited=\u00a0\u00bbon|phone\u00a0\u00bb header_4_line_height_phone=\u00a0\u00bb1.4em\u00a0\u00bb]<\/p>\n<h2>Qui sommes-nous\u00a0?<\/h2>\n<p>L\u2019adresse de notre site Web est\u00a0: https:\/\/mboageek.com.<\/p>\n<p>&nbsp;<\/p>\n<h2>Utilisation des donn\u00e9es personnelles collect\u00e9es<\/h2>\n<h3>1.1 \u2013 Lors d\u2019une commande sur notre boutique<\/h3>\n<p>Lorsque vous effectuez un achat sur notre boutique, dans le cadre de notre processus d\u2019achat et de vente, nous recueillons les renseignements personnels que vous nous fournissez, tels que :<\/p>\n<ul>\n<li>votre nom,<\/li>\n<li>votre pr\u00e9nom,<\/li>\n<li>le nom de votre soci\u00e9t\u00e9 (le cas \u00e9ch\u00e9ant),<\/li>\n<li>le nom de votre pays de r\u00e9sidence (le cas \u00e9ch\u00e9ant)<\/li>\n<li>et votre adresse e-mail.<\/li>\n<li>Produits que vous avez vu\u00a0: nous les utilisons pour, par exemple, afficher des produits que vous avez r\u00e9cemment vu<\/li>\n<\/ul>\n<p>Lorsque vous naviguez sur notre boutique, nous recevons \u00e9galement automatiquement l\u2019adresse de protocole Internet (adresse IP) de votre ordinateur, qui nous permet d\u2019obtenir plus de d\u00e9tails au sujet du navigateur et du syst\u00e8me d\u2019exploitation que vous utilisez.<\/p>\n<p><strong>En passant commande sur notre boutique, vous acceptez de recevoir une lettre d\u2019information qui vous tiendra au courant des \u00e9ventuelles mises \u00e0 jours de vos achats en ligne afin que vous puissiez en t\u00e9l\u00e9charger la derni\u00e8re version. Cette lettre d\u2019information est diff\u00e9rente de l\u2019email marketing, qui lui fait l\u2019objet d\u2019un consentement s\u00e9par\u00e9.<\/strong><\/p>\n<p>Vous pourrez vous d\u00e9sinscrire \u00e0 tout moment en cliquant sur le lien pr\u00e9sent \u00e0 la fin de nos emails mais vous ne pourrez plus \u00eatre tenu au courant des mises \u00e0 jours.<\/p>\n<div class=\"policy-text hide-privacy-policy-tutorial\">\n<p>Ces informations seront utilis\u00e9es pour\u00a0:<\/p>\n<ul>\n<li>Envoie de l\u2019information \u00e0 propos de votre compte et commande<\/li>\n<li>R\u00e9pondre aux demandes<\/li>\n<li>Traitement des paiements et pr\u00e9vention de la fraude<\/li>\n<li>Configurez votre compte pour notre boutique<\/li>\n<li>Se conformer avec toute obligation l\u00e9gale<\/li>\n<li>Am\u00e9liorer les offres de notre boutique<\/li>\n<li>Vous envoyer des messages marketing, si vous choisissez d\u2019en recevoir<\/li>\n<\/ul>\n<p>Si vous cr\u00e9ez un compte, nous stockons vos informations saisies qui seront utilis\u00e9es pour pr\u00e9remplir la validation de commande pour les prochaines commandes.<\/p>\n<p>Nous stockons g\u00e9n\u00e9ralement vos informations aussi longtemps que nous en avons besoin pour l\u2019usage pour lequel nous les collectons et utilisons, et nous ne sommes pas oblig\u00e9s l\u00e9galement de continuer \u00e0 les conserver. Par exemple, nous stockons les informations de commande pour 5 ann\u00e9es pour la comptabilit\u00e9. Ceci inclut votre nom, pr\u00e9nom et adresse de messagerie.<\/p>\n<p>Nous stockons aussi les commentaires ou avis, si vous choisissez d\u2019en envoyer.<\/p>\n<p>&nbsp;<\/p>\n<h4>1.1.2 \u2013 Qui de notre \u00e9quipe a acc\u00e8s aux donn\u00e9es<\/h4>\n<p>Penaye Lando Cyrille Bertrand est la seule et unique personne qui a un acc\u00e8s aux informations que vous nous fournissez :<\/p>\n<ul>\n<li>Information de commande tel que ce qui a \u00e9t\u00e9 achet\u00e9, quand et o\u00f9 cela doit \u00eatre envoy\u00e9, et<\/li>\n<li>Information client tel que votre nom, adresse de messagerie.<\/li>\n<\/ul>\n<p>&nbsp;<\/p>\n<h4>1.1.3 \u2013 Ce que nous partageons avec d\u2019autres<\/h4>\n<p>Nous partageons des donn\u00e9es avec des tiers qui nous aident \u00e0 g\u00e9rer nos commandes et services de la boutique :<\/p>\n<ul>\n<li><strong>PayPal :<\/strong><span>\u00a0<\/span>nous acceptons les paiements par PayPal. Lors du traitement des paiements, certains donn\u00e9es seront transmises \u00e0 PayPal, incluant l\u2019information obligatoires \u00e0 l\u2019ex\u00e9cution du paiement, tel que le montant total ou les informations de facturation. Veuillez lire la<span>\u00a0<\/span><a href=\"https:\/\/www.paypal.com\/us\/webapps\/mpp\/ua\/privacy-full\">politique de confidentialit\u00e9 de PayPal<\/a><span>\u00a0<\/span>pour plus de d\u00e9tails.<\/li>\n<li><strong>Orange Money :<\/strong><span>\u00a0<\/span>nous acceptons \u00e9galement les paiement via Orange Money. Pour plus de d\u00e9tails, veuillez prendre connaissance de<span>\u00a0<\/span><a href=\"https:\/\/www.orange.cm\/particuliers\/1\/84358\/tarification-orange-money--orange-cameroun-256440.html\" target=\"_blank\" rel=\"noopener noreferrer\">leurs services et tarifs<\/a>.<\/li>\n<\/ul>\n<\/div>\n<p>&nbsp;<\/p>\n<h3>1.2 \u2013 Lors d\u2019une inscription \u00e0 la newsletter<\/h3>\n<p>Marketing par e-mail : avec votre permission, nous pourrions vous envoyer des e-mails au sujet de notre boutique, des nouveaux produits et des nouvelles publications d\u2019articles. Certains de ces emails pourront contenir des liens d\u2019affiliation.<\/p>\n<p>&nbsp;<\/p>\n<h3>1.3 \u2013 Lors d\u2019un d\u00e9p\u00f4t de Commentaires<\/h3>\n<p>Quand vous laissez un commentaire sur notre site web, les donn\u00e9es inscrites dans le formulaire de commentaire, mais aussi votre adresse IP et l\u2019agent utilisateur de votre navigateur sont collect\u00e9s pour nous aider \u00e0 la d\u00e9tection des commentaires ind\u00e9sirables.<\/p>\n<p>Une cha\u00eene anonymis\u00e9e cr\u00e9\u00e9e \u00e0 partir de votre adresse de messagerie (\u00e9galement appel\u00e9e hash) peut \u00eatre envoy\u00e9e au service Gravatar pour v\u00e9rifier si vous utilisez ce dernier. Les clauses de confidentialit\u00e9 du service Gravatar sont disponibles ici\u00a0: https:\/\/automattic.com\/privacy\/. Apr\u00e8s validation de votre commentaire, votre photo de profil sera visible publiquement \u00e0 cot\u00e9 de votre commentaire.<\/p>\n<p>&nbsp;<\/p>\n<h3>Formulaires de contact<\/h3>\n<h3>Cookies<\/h3>\n<p>Si vous d\u00e9posez un commentaire sur notre site, il vous sera propos\u00e9 d\u2019enregistrer votre nom, adresse de messagerie et site web dans des cookies. C\u2019est uniquement pour votre confort afin de ne pas avoir \u00e0 saisir ces informations si vous d\u00e9posez un autre commentaire plus tard. Ces cookies expirent au bout d\u2019un an.<\/p>\n<p>Si vous avez un compte et que vous vous connectez sur ce site, un cookie temporaire sera cr\u00e9\u00e9 afin de d\u00e9terminer si votre navigateur accepte les cookies. Il ne contient pas de donn\u00e9es personnelles et sera supprim\u00e9 automatiquement \u00e0 la fermeture de votre navigateur.<\/p>\n<p>Lorsque vous vous connecterez, nous mettrons en place un certain nombre de cookies pour enregistrer vos informations de connexion et vos pr\u00e9f\u00e9rences d\u2019\u00e9cran. La dur\u00e9e de vie d\u2019un cookie de connexion est de deux jours, celle d\u2019un cookie d\u2019option d\u2019\u00e9cran est d\u2019un an. Si vous cochez \u00ab\u00a0Se souvenir de moi\u00a0\u00bb, votre cookie de connexion sera conserv\u00e9 pendant deux semaines. Si vous vous d\u00e9connectez de votre compte, le cookie de connexion sera effac\u00e9.<\/p>\n<p>&nbsp;<\/p>\n<h3>Contenu embarqu\u00e9 depuis d\u2019autres sites<\/h3>\n<p>Les articles de ce site peuvent inclure des contenus int\u00e9gr\u00e9s (par exemple des vid\u00e9os, images, articles\u2026). Le contenu int\u00e9gr\u00e9 depuis d\u2019autres sites se comporte de la m\u00eame mani\u00e8re que si le visiteur se rendait sur cet autre site.<\/p>\n<p>Ces sites web pourraient collecter des donn\u00e9es sur vous, utiliser des cookies, embarquer des outils de suivis tiers, suivre vos interactions avec ces contenus embarqu\u00e9s si vous disposez d\u2019un compte connect\u00e9 sur leur site web.<\/p>\n<p>&nbsp;<\/p>\n<h3>Statistiques et mesures d\u2019audience<\/h3>\n<p>Nous utilisons les donn\u00e9es de Google Analitycs pour faire un suivi des visites du site. Nous collectons seulement le pays, la ville de provenance et le type de navigation (mobile-ordinateur-tablette). Les autres donn\u00e9es ne sont pas collect\u00e9es telles que le sexe, l\u2019\u00e2ge, l\u2019adresse IP etc\u2026 Cette collecte est \u00e0 but de suivi informatif &amp; statistique pour comprendre la provenance et la quantit\u00e9 des visites de notre site.<\/p>\n<p>&nbsp;<\/p>\n<h2>Utilisation et transmission de vos donn\u00e9es personnelles<\/h2>\n<h2>Dur\u00e9es de stockage de vos donn\u00e9es<\/h2>\n<p>Si vous laissez un commentaire, le commentaire et ses m\u00e9tadonn\u00e9es sont conserv\u00e9s ind\u00e9finiment. Cela permet de reconna\u00eetre et approuver automatiquement les commentaires suivants au lieu de les laisser dans la file de mod\u00e9ration.<\/p>\n<p>Pour les utilisateurs et utilisatrices qui s\u2019enregistrent sur notre site (si cela est possible), nous stockons \u00e9galement les donn\u00e9es personnelles indiqu\u00e9es dans leur profil. Tous les utilisateurs et utilisatrices peuvent voir, modifier ou supprimer leurs informations personnelles \u00e0 tout moment (\u00e0 l\u2019exception de leur nom d\u2019utilisateur\u00b7ice). Les gestionnaires du site peuvent aussi voir et modifier ces informations.<\/p>\n<p>&nbsp;<\/p>\n<h2>Les droits que vous avez sur vos donn\u00e9es<\/h2>\n<p>Si vous avez un compte ou si vous avez laiss\u00e9 des commentaires sur le site, vous pouvez demander \u00e0 recevoir un fichier contenant toutes les donn\u00e9es personnelles que nous poss\u00e9dons \u00e0 votre sujet, incluant celles que vous nous avez fournies. Vous pouvez \u00e9galement demander la suppression des donn\u00e9es personnelles vous concernant. Cela ne prend pas en compte les donn\u00e9es stock\u00e9es \u00e0 des fins administratives, l\u00e9gales ou pour des raisons de s\u00e9curit\u00e9.<\/p>\n<p>&nbsp;<\/p>\n<h2>Transmission de vos donn\u00e9es personnelles<\/h2>\n<p>Les commentaires des visiteurs peuvent \u00eatre v\u00e9rifi\u00e9s \u00e0 l\u2019aide d\u2019un service automatis\u00e9 de d\u00e9tection des commentaires ind\u00e9sirables.<\/p>\n<p>Vos donn\u00e9es sont trait\u00e9es et conserv\u00e9es de mani\u00e8re confidentielle. Nous n\u2019exploitons pas notre base de donn\u00e9es \u00e0 des fins financi\u00e8res, en d\u2019autres termes,<span>\u00a0<\/span><strong>nous ne revendons pas vos donn\u00e9es personnelles. Nous les utilisons simplement pour vous tenir au courant de notre actualit\u00e9 et de nos \u00e9ventuelles offres promotionnelles.<\/strong><\/p>\n<p>&nbsp;<\/p>\n<h2>Informations de contact<\/h2>\n<p>Si vous d\u00e9sirez nous contacter, vous pouvez le faire simple par email \u00e0<span>\u00a0<\/span><strong>contact@mboageek.com<\/strong><span>\u00a0<\/span>ou par le formulaire de contact disponible sur ce lien : <a href=\"\/contact\">Formulaire de contact<\/a>.<\/p>\n<p>&nbsp;<\/p>\n<h2>Informations suppl\u00e9mentaires<\/h2>\n<h3>Comment nous prot\u00e9geons vos donn\u00e9es<\/h3>\n<p>Vos donn\u00e9es sont stock\u00e9es au sein de notre site web qui fait l\u2019objet d\u2019une maintenance r\u00e9guli\u00e8re et d\u2019une protection renforc\u00e9e par un plugin de s\u00e9curit\u00e9 avanc\u00e9. Nous actualisons notre site d\u00e8s la sortie des mises \u00e0 jour et nous faisons des sauvegardes r\u00e9guli\u00e8res.<\/p>\n<p>&nbsp;<\/p>\n<h3>Proc\u00e9dures mises en \u0153uvre en cas de fuite de donn\u00e9es<\/h3>\n<p>En cas de fuite de donn\u00e9es, nous sommes tenus de contacter tous les utilisateurs de notre site ayant cr\u00e9\u00e9 un compte ou s\u2019\u00e9tant inscrit \u00e0 notre newsletter. Cela se fera sous forme d\u2019envoi d\u2019un email informatif pr\u00e9sentant les mesures correctives.<\/p>\n<p>&nbsp;<\/p>\n<h3>Op\u00e9rations de marketing automatis\u00e9 et\/ou de profilage r\u00e9alis\u00e9es \u00e0 l\u2019aide des donn\u00e9es personnelles<\/h3>\n<p>Nous sommes en mesure d\u2019envoyer un email marketing \u00e0 toute personne qui aurait donn\u00e9 son accord explicite pour recevoir notre newsletter. Cette newsletter est envoy\u00e9e uniquement aux personnes qui se seront inscrites de leur plein gr\u00e9 sur notre site, via le formulaire d\u2019inscription.<\/p>\n<p>[\/et_pb_text][\/et_pb_column][\/et_pb_row][\/et_pb_section]<\/p>\n","protected":false},"excerpt":{"rendered":"<p>Politique de confidentialit\u00e9 Consultez toutes les informations relatives \u00e0 la protection de vos donn\u00e9es personnelles.Qui sommes-nous\u00a0? L\u2019adresse de notre site Web est\u00a0: https:\/\/mboageek.com. &nbsp; Utilisation des donn\u00e9es personnelles collect\u00e9es 1.1 \u2013 Lors d\u2019une commande sur notre boutique Lorsque vous effectuez un achat sur notre boutique, dans le cadre de notre processus d\u2019achat et de vente, [&hellip;]<\/p>\n","protected":false},"author":1,"featured_media":0,"parent":0,"menu_order":0,"comment_status":"closed","ping_status":"closed","template":"","meta":{"_et_pb_use_builder":"on","_et_pb_old_content":"","_et_gb_content_width":"","footnotes":""},"class_list":["post-764","page","type-page","status-publish","hentry"],"yoast_head":"<!-- This site is optimized with the Yoast SEO plugin v27.5 - https:\/\/yoast.com\/product\/yoast-seo-wordpress\/ -->\n<title>Politique de confidentialit\u00e9 - Mboageek<\/title>\n<meta name=\"robots\" content=\"index, follow, max-snippet:-1, max-image-preview:large, max-video-preview:-1\" \/>\n<link rel=\"canonical\" href=\"https:\/\/mboageek.com\/en\/politique-de-confidentialite\/\" \/>\n<meta property=\"og:locale\" content=\"en_GB\" \/>\n<meta property=\"og:type\" content=\"article\" \/>\n<meta property=\"og:title\" content=\"Politique de confidentialit\u00e9 - Mboageek\" \/>\n<meta property=\"og:description\" content=\"Politique de confidentialit\u00e9 Consultez toutes les informations relatives \u00e0 la protection de vos donn\u00e9es personnelles.Qui sommes-nous\u00a0? L\u2019adresse de notre site Web est\u00a0: https:\/\/mboageek.com. &nbsp; Utilisation des donn\u00e9es personnelles collect\u00e9es 1.1 \u2013 Lors d\u2019une commande sur notre boutique Lorsque vous effectuez un achat sur notre boutique, dans le cadre de notre processus d\u2019achat et de vente, [&hellip;]\" \/>\n<meta property=\"og:url\" content=\"https:\/\/mboageek.com\/en\/politique-de-confidentialite\/\" \/>\n<meta property=\"og:site_name\" content=\"Mboageek\" \/>\n<meta property=\"article:modified_time\" content=\"2020-01-28T20:27:07+00:00\" \/>\n<meta name=\"twitter:card\" content=\"summary_large_image\" \/>\n<meta name=\"twitter:label1\" content=\"Estimated reading time\" \/>\n\t<meta name=\"twitter:data1\" content=\"10 minutes\" \/>\n<script type=\"application\/ld+json\" class=\"yoast-schema-graph\">{\"@context\":\"https:\\\/\\\/schema.org\",\"@graph\":[{\"@type\":\"WebPage\",\"@id\":\"https:\\\/\\\/mboageek.com\\\/politique-de-confidentialite\\\/\",\"url\":\"https:\\\/\\\/mboageek.com\\\/politique-de-confidentialite\\\/\",\"name\":\"Politique de confidentialit\u00e9 - Mboageek\",\"isPartOf\":{\"@id\":\"https:\\\/\\\/mboageek.com\\\/#website\"},\"datePublished\":\"2020-01-28T06:12:05+00:00\",\"dateModified\":\"2020-01-28T20:27:07+00:00\",\"breadcrumb\":{\"@id\":\"https:\\\/\\\/mboageek.com\\\/politique-de-confidentialite\\\/#breadcrumb\"},\"inLanguage\":\"en-GB\",\"potentialAction\":[{\"@type\":\"ReadAction\",\"target\":[\"https:\\\/\\\/mboageek.com\\\/politique-de-confidentialite\\\/\"]}]},{\"@type\":\"BreadcrumbList\",\"@id\":\"https:\\\/\\\/mboageek.com\\\/politique-de-confidentialite\\\/#breadcrumb\",\"itemListElement\":[{\"@type\":\"ListItem\",\"position\":1,\"name\":\"Accueil\",\"item\":\"https:\\\/\\\/mboageek.com\\\/\"},{\"@type\":\"ListItem\",\"position\":2,\"name\":\"Politique de confidentialit\u00e9\"}]},{\"@type\":\"WebSite\",\"@id\":\"https:\\\/\\\/mboageek.com\\\/#website\",\"url\":\"https:\\\/\\\/mboageek.com\\\/\",\"name\":\"Mboageek\",\"description\":\"Agence web pour entrepreneurs africains et diaspora\",\"potentialAction\":[{\"@type\":\"SearchAction\",\"target\":{\"@type\":\"EntryPoint\",\"urlTemplate\":\"https:\\\/\\\/mboageek.com\\\/?s={search_term_string}\"},\"query-input\":{\"@type\":\"PropertyValueSpecification\",\"valueRequired\":true,\"valueName\":\"search_term_string\"}}],\"inLanguage\":\"en-GB\"}]}<\/script>\n<!-- \/ Yoast SEO plugin. -->","yoast_head_json":{"title":"Politique de confidentialit\u00e9 - Mboageek","robots":{"index":"index","follow":"follow","max-snippet":"max-snippet:-1","max-image-preview":"max-image-preview:large","max-video-preview":"max-video-preview:-1"},"canonical":"https:\/\/mboageek.com\/en\/politique-de-confidentialite\/","og_locale":"en_GB","og_type":"article","og_title":"Politique de confidentialit\u00e9 - Mboageek","og_description":"Politique de confidentialit\u00e9 Consultez toutes les informations relatives \u00e0 la protection de vos donn\u00e9es personnelles.Qui sommes-nous\u00a0? L\u2019adresse de notre site Web est\u00a0: https:\/\/mboageek.com. &nbsp; Utilisation des donn\u00e9es personnelles collect\u00e9es 1.1 \u2013 Lors d\u2019une commande sur notre boutique Lorsque vous effectuez un achat sur notre boutique, dans le cadre de notre processus d\u2019achat et de vente, [&hellip;]","og_url":"https:\/\/mboageek.com\/en\/politique-de-confidentialite\/","og_site_name":"Mboageek","article_modified_time":"2020-01-28T20:27:07+00:00","twitter_card":"summary_large_image","twitter_misc":{"Estimated reading time":"10 minutes"},"schema":{"@context":"https:\/\/schema.org","@graph":[{"@type":"WebPage","@id":"https:\/\/mboageek.com\/politique-de-confidentialite\/","url":"https:\/\/mboageek.com\/politique-de-confidentialite\/","name":"Politique de confidentialit\u00e9 - Mboageek","isPartOf":{"@id":"https:\/\/mboageek.com\/#website"},"datePublished":"2020-01-28T06:12:05+00:00","dateModified":"2020-01-28T20:27:07+00:00","breadcrumb":{"@id":"https:\/\/mboageek.com\/politique-de-confidentialite\/#breadcrumb"},"inLanguage":"en-GB","potentialAction":[{"@type":"ReadAction","target":["https:\/\/mboageek.com\/politique-de-confidentialite\/"]}]},{"@type":"BreadcrumbList","@id":"https:\/\/mboageek.com\/politique-de-confidentialite\/#breadcrumb","itemListElement":[{"@type":"ListItem","position":1,"name":"Accueil","item":"https:\/\/mboageek.com\/"},{"@type":"ListItem","position":2,"name":"Politique de confidentialit\u00e9"}]},{"@type":"WebSite","@id":"https:\/\/mboageek.com\/#website","url":"https:\/\/mboageek.com\/","name":"Mboageek","description":"Agence web pour entrepreneurs africains et diaspora","potentialAction":[{"@type":"SearchAction","target":{"@type":"EntryPoint","urlTemplate":"https:\/\/mboageek.com\/?s={search_term_string}"},"query-input":{"@type":"PropertyValueSpecification","valueRequired":true,"valueName":"search_term_string"}}],"inLanguage":"en-GB"}]}},"_links":{"self":[{"href":"https:\/\/mboageek.com\/en\/wp-json\/wp\/v2\/pages\/764","targetHints":{"allow":["GET"]}}],"collection":[{"href":"https:\/\/mboageek.com\/en\/wp-json\/wp\/v2\/pages"}],"about":[{"href":"https:\/\/mboageek.com\/en\/wp-json\/wp\/v2\/types\/page"}],"author":[{"embeddable":true,"href":"https:\/\/mboageek.com\/en\/wp-json\/wp\/v2\/users\/1"}],"replies":[{"embeddable":true,"href":"https:\/\/mboageek.com\/en\/wp-json\/wp\/v2\/comments?post=764"}],"version-history":[{"count":5,"href":"https:\/\/mboageek.com\/en\/wp-json\/wp\/v2\/pages\/764\/revisions"}],"predecessor-version":[{"id":790,"href":"https:\/\/mboageek.com\/en\/wp-json\/wp\/v2\/pages\/764\/revisions\/790"}],"wp:attachment":[{"href":"https:\/\/mboageek.com\/en\/wp-json\/wp\/v2\/media?parent=764"}],"curies":[{"name":"wp","href":"https:\/\/api.w.org\/{rel}","templated":true}]}}