{"id":802,"date":"2020-01-29T00:36:48","date_gmt":"2020-01-28T23:36:48","guid":{"rendered":"https:\/\/mboageek.com\/?page_id=802"},"modified":"2020-01-29T00:36:49","modified_gmt":"2020-01-28T23:36:49","slug":"plan-du-site","status":"publish","type":"page","link":"https:\/\/mboageek.com\/en\/plan-du-site\/","title":{"rendered":"Plan du site"},"content":{"rendered":"<p>[et_pb_section fb_built=\u00a0\u00bb1&Prime; custom_padding_last_edited=\u00a0\u00bbon|phone\u00a0\u00bb admin_label=\u00a0\u00bbPage Title Section\u00a0\u00bb _builder_version=\u00a0\u00bb4.2.2&Prime; use_background_color_gradient=\u00a0\u00bbon\u00a0\u00bb background_color_gradient_start=\u00a0\u00bbrgba(11,73,122,0.98)\u00a0\u00bb background_color_gradient_end=\u00a0\u00bb#0c71c3&Prime; background_enable_image=\u00a0\u00bboff\u00a0\u00bb custom_padding=\u00a0\u00bb60px||60px||true\u00a0\u00bb custom_padding_tablet=\u00a0\u00bb30px||30px||true|false\u00a0\u00bb custom_padding_phone=\u00a0\u00bb15px||15px||true|false\u00a0\u00bb locked=\u00a0\u00bboff\u00a0\u00bb][et_pb_row admin_label=\u00a0\u00bbPage Title Area\u00a0\u00bb _builder_version=\u00a0\u00bb3.25&Prime; background_size=\u00a0\u00bbinitial\u00a0\u00bb background_position=\u00a0\u00bbtop_left\u00a0\u00bb background_repeat=\u00a0\u00bbrepeat\u00a0\u00bb][et_pb_column type=\u00a0\u00bb4_4&Prime; _builder_version=\u00a0\u00bb3.25&Prime; custom_padding=\u00a0\u00bb|||\u00a0\u00bb custom_padding__hover=\u00a0\u00bb|||\u00a0\u00bb][et_pb_text admin_label=\u00a0\u00bbTitle\u00a0\u00bb _builder_version=\u00a0\u00bb4.2.2&Prime; text_font=\u00a0\u00bbMuli|600|||||||\u00a0\u00bb text_font_size=\u00a0\u00bb18px\u00a0\u00bb text_line_height=\u00a0\u00bb1.8em\u00a0\u00bb header_font=\u00a0\u00bbMuli|800|||||||\u00a0\u00bb header_font_size=\u00a0\u00bb48px\u00a0\u00bb header_line_height=\u00a0\u00bb1.4em\u00a0\u00bb header_2_font=\u00a0\u00bb||||||||\u00a0\u00bb text_orientation=\u00a0\u00bbcenter\u00a0\u00bb background_layout=\u00a0\u00bbdark\u00a0\u00bb max_width=\u00a0\u00bb700px\u00a0\u00bb module_alignment=\u00a0\u00bbcenter\u00a0\u00bb custom_margin=\u00a0\u00bb|||\u00a0\u00bb animation_style=\u00a0\u00bbfade\u00a0\u00bb hover_enabled=\u00a0\u00bb0&Prime; text_font_size_tablet=\u00a0\u00bb\u00a0\u00bb text_font_size_phone=\u00a0\u00bb16px\u00a0\u00bb text_font_size_last_edited=\u00a0\u00bbon|phone\u00a0\u00bb header_font_size_tablet=\u00a0\u00bb\u00a0\u00bb header_font_size_phone=\u00a0\u00bb32px\u00a0\u00bb header_font_size_last_edited=\u00a0\u00bbon|phone\u00a0\u00bb]<\/p>\n<h1>Plan du site<\/h1>\n<p>[\/et_pb_text][\/et_pb_column][\/et_pb_row][\/et_pb_section][et_pb_section fb_built=\u00a0\u00bb1&Prime; custom_padding_last_edited=\u00a0\u00bbon|phone\u00a0\u00bb admin_label=\u00a0\u00bbBlog Section\u00a0\u00bb _builder_version=\u00a0\u00bb4.2.2&Prime; background_position=\u00a0\u00bbbottom_center\u00a0\u00bb custom_margin=\u00a0\u00bb|||\u00a0\u00bb custom_padding=\u00a0\u00bb60px||20px||false|false\u00a0\u00bb custom_padding_tablet=\u00a0\u00bb30px||0px||false|false\u00a0\u00bb custom_padding_phone=\u00a0\u00bb15px||0px||false|false\u00a0\u00bb][et_pb_row _builder_version=\u00a0\u00bb4.2.2&Prime;][et_pb_column type=\u00a0\u00bb4_4&Prime; _builder_version=\u00a0\u00bb4.2.2&Prime;][et_pb_code _builder_version=\u00a0\u00bb4.2.2&Prime; hover_enabled=\u00a0\u00bb0&Prime;]<div class=\"wsp-container\"><h2 class=\"wsp-pages-title\">Pages<\/h2>\n<ul class=\"wsp-pages-list\">\n<li class=\"page_item page-item-124\"><a href=\"https:\/\/mboageek.com\/en\/\">Accueil<\/a><\/li>\n<li class=\"page_item page-item-315\"><a href=\"https:\/\/mboageek.com\/en\/blog\/\">Blog<\/a><\/li>\n<li class=\"page_item page-item-281\"><a href=\"https:\/\/mboageek.com\/en\/contact\/\">Contact<\/a><\/li>\n<li class=\"page_item page-item-384\"><a href=\"https:\/\/mboageek.com\/en\/mentions-legales\/\">Mentions l\u00e9gales<\/a><\/li>\n<li class=\"page_item page-item-230\"><a href=\"https:\/\/mboageek.com\/en\/notre-agence\/\">Notre agence<\/a><\/li>\n<li class=\"page_item page-item-802\"><a href=\"https:\/\/mboageek.com\/en\/plan-du-site\/\">Plan du site<\/a><\/li>\n<li class=\"page_item page-item-764\"><a href=\"https:\/\/mboageek.com\/en\/politique-de-confidentialite\/\">Politique de confidentialit\u00e9<\/a><\/li>\n<li class=\"page_item page-item-401\"><a href=\"https:\/\/mboageek.com\/en\/realisations\/\">R\u00e9alisations<\/a><\/li>\n<li class=\"page_item page-item-290\"><a href=\"https:\/\/mboageek.com\/en\/tarifs\/\">Tarifs<\/a><\/li>\n<li class=\"page_item page-item-1107\"><a href=\"https:\/\/mboageek.com\/en\/widgetpack-test\/\">Widgetpack Test<\/a><\/li>\n<\/ul>\n<h2 class=\"wsp-posts-title\">Posts by category<\/h2>\n<ul class=\"wsp-posts-list\">\n\t<li><strong class=\"wsp-category-title\">Category: <a href=\"https:\/\/mboageek.com\/en\/category\/applications-mobiles\/\">Applications mobiles<\/a><\/strong>\n<ul class=\"wsp-posts-list\">\t\t<li class=\"wsp-post\"><a href=\"https:\/\/mboageek.com\/en\/cles-du-developpement-dapplications-mobiles\/\">Les 5 cl\u00e9s du d\u00e9veloppement d&rsquo;applications mobiles<\/a><\/li>\n\t\t<li class=\"wsp-post\"><a href=\"https:\/\/mboageek.com\/en\/les-10-erreurs-de-conception-web-qui-enervent-les-utilisateurs-mobiles\/\">Les 10 erreurs de conception web qui \u00e9nervent les utilisateurs mobiles<\/a><\/li>\n<\/ul><\/li>\n\t<li><strong class=\"wsp-category-title\">Category: <a href=\"https:\/\/mboageek.com\/en\/category\/conseil\/\">Conseils et astuces<\/a><\/strong>\n<ul class=\"wsp-posts-list\">\t\t<li class=\"wsp-post\"><a href=\"https:\/\/mboageek.com\/en\/6-points-qui-peuvent-rendre-un-design-web-moins-cher-tres-couteux\/\">6 points qui peuvent rendre un design web \u00ab\u00a0moins cher\u00a0\u00bb tr\u00e8s co\u00fbteux<\/a><\/li>\n\t\t<li class=\"wsp-post\"><a href=\"https:\/\/mboageek.com\/en\/8-facons-de-booster-votre-creativite\/\">8 fa\u00e7ons de booster votre cr\u00e9ativit\u00e9<\/a><\/li>\n\t\t<li class=\"wsp-post\"><a href=\"https:\/\/mboageek.com\/en\/que-doit-faire-une-entreprise-lorsquil-ny-a-pas-de-clients\/\">Que doit faire une entreprise lorsqu&rsquo;il n&rsquo;y a pas de clients?<\/a><\/li>\n\t\t<li class=\"wsp-post\"><a href=\"https:\/\/mboageek.com\/en\/les-meilleurs-conseils-pour-travailler-a-distance\/\">Les meilleurs conseils pour travailler \u00e0 distance<\/a><\/li>\n\t\t<li class=\"wsp-post\"><a href=\"https:\/\/mboageek.com\/en\/3-conseils-pour-ameliorer-votre-experience-utilisateur\/\">3 conseils pour am\u00e9liorer votre exp\u00e9rience utilisateur<\/a><\/li>\n\t\t<li class=\"wsp-post\"><a href=\"https:\/\/mboageek.com\/en\/une-agence-digitale-peut-faire-ces-5-choses-pour-vous\/\">Une agence digitale peut faire ces 5 choses pour vous<\/a><\/li>\n\t\t<li class=\"wsp-post\"><a href=\"https:\/\/mboageek.com\/en\/votre-site-utilise-til-deja-le-protocole-https\/\">Votre site web utilise t&rsquo;il d\u00e9j\u00e0 le protocole HTTPS?<\/a><\/li>\n\t\t<li class=\"wsp-post\"><a href=\"https:\/\/mboageek.com\/en\/6-methodes-simples-pour-ameliorer-la-securite-de-son-site-internet\/\">6 m\u00e9thodes simples pour am\u00e9liorer la s\u00e9curit\u00e9 de son site internet<\/a><\/li>\n\t\t<li class=\"wsp-post\"><a href=\"https:\/\/mboageek.com\/en\/rendez-votre-site-plus-rapide-avec-5-astuces\/\">Rendez votre site plus rapide avec 5 astuces<\/a><\/li>\n<\/ul><\/li>\n\t<li><strong class=\"wsp-category-title\">Category: <a href=\"https:\/\/mboageek.com\/en\/category\/content-management\/\">Content management<\/a><\/strong>\n<ul class=\"wsp-posts-list\">\t\t<li class=\"wsp-post\"><a href=\"https:\/\/mboageek.com\/en\/7-habitudes-des-createurs-de-contenu-efficaces\/\">7 habitudes des cr\u00e9ateurs de contenu efficaces<\/a><\/li>\n<\/ul><\/li>\n\t<li><strong class=\"wsp-category-title\">Category: <a href=\"https:\/\/mboageek.com\/en\/category\/marketing-digital\/\">Marketing digital<\/a><\/strong>\n<ul class=\"wsp-posts-list\">\t\t<li class=\"wsp-post\"><a href=\"https:\/\/mboageek.com\/en\/7-services-quune-agence-de-marketing-digital-peut-vous-offrir\/\">7 services qu&rsquo;une agence de marketing digital peut vous offrir<\/a><\/li>\n\t\t<li class=\"wsp-post\"><a href=\"https:\/\/mboageek.com\/en\/les-tendances-du-marketing-sur-les-reseaux-sociaux-en-2020\/\">Les tendances du marketing sur les r\u00e9seaux sociaux en 2020<\/a><\/li>\n\t\t<li class=\"wsp-post\"><a href=\"https:\/\/mboageek.com\/en\/boostez-votre-strategie-sur-les-reseaux-sociaux-en-4-astuces\/\">Boostez votre strat\u00e9gie sur les r\u00e9seaux sociaux en 4 astuces<\/a><\/li>\n<\/ul><\/li>\n\t<li><strong class=\"wsp-category-title\">Category: <a href=\"https:\/\/mboageek.com\/en\/category\/non-classe\/\">Non class\u00e9<\/a><\/strong>\n<ul class=\"wsp-posts-list\">\t\t<li class=\"wsp-post\"><a href=\"https:\/\/mboageek.com\/en\/5-raisons-pour-lesquelles-vous-avez-besoin-de-plus-que-la-publicite-traditionnelle\/\">5 raisons pour lesquelles vous avez besoin de plus que la publicit\u00e9 traditionnelle<\/a><\/li>\n<\/ul><\/li>\n\t<li><strong class=\"wsp-category-title\">Category: <a href=\"https:\/\/mboageek.com\/en\/category\/sites-web\/\">Sites internet<\/a><\/strong>\n<ul class=\"wsp-posts-list\">\t\t<li class=\"wsp-post\"><a href=\"https:\/\/mboageek.com\/en\/conseils-pour-la-maintenance-du-site-web-de-votre-entreprise\/\">Conseils pour la maintenance du site web de votre entreprise<\/a><\/li>\n\t\t<li class=\"wsp-post\"><a href=\"https:\/\/mboageek.com\/en\/4-elements-qui-affectent-lergonomie-de-votre-site-web\/\">4 \u00e9l\u00e9ments qui affectent l&rsquo;ergonomie de votre site web<\/a><\/li>\n\t\t<li class=\"wsp-post\"><a href=\"https:\/\/mboageek.com\/en\/les-6-avantages-dun-site-web\/\">Les 6 avantages d&rsquo;un site web<\/a><\/li>\n\t\t<li class=\"wsp-post\"><a href=\"https:\/\/mboageek.com\/en\/les-10-qualites-dun-site-web\/\">Les 10 qualit\u00e9s d&rsquo;un site web<\/a><\/li>\n<\/ul><\/li>\n<\/ul>\n<h2 class=\"wsp-projects-title\">Projects<\/h2>\n<ul class=\"wsp-projects-list\">\n<li><a href=\"https:\/\/mboageek.com\/en\/project\/site-web-du-lycee-bilingue-de-garoua\/\">Site web du lyc\u00e9e bilingue de Garoua<\/a><\/li>\n<li><a href=\"https:\/\/mboageek.com\/en\/project\/site-web-de-i-zone-muzik\/\">Site web de I-Zone Muzik<\/a><\/li>\n<li><a href=\"https:\/\/mboageek.com\/en\/project\/site-web-de-lbioclin\/\">Site web de LBioClin<\/a><\/li>\n<li><a href=\"https:\/\/mboageek.com\/en\/project\/site-vitrine-de-ges-sarl\/\">Site vitrine de GES Sarl<\/a><\/li>\n<li><a href=\"https:\/\/mboageek.com\/en\/project\/site-web-de-lacager\/\">Site web de l'ACAGER<\/a><\/li>\n<\/ul>\n<h2 class=\"wsp-layout_types-title\">Type<\/h2>\n<ul class=\"wsp-layout_types-list\">\n<li><a href=\"https:\/\/mboageek.com\/en\/layout_type\/module\/\">module<\/a><\/li>\n<li><a href=\"https:\/\/mboageek.com\/en\/layout_type\/section\/\">section<\/a><\/li>\n<\/ul>\n<h2 class=\"wsp-module_widths-title\">Module Width<\/h2>\n<ul class=\"wsp-module_widths-list\">\n<li><a href=\"https:\/\/mboageek.com\/en\/module_width\/regular\/\">regular<\/a><\/li>\n<\/ul>\n<h2 class=\"wsp-scopes-title\">Scope<\/h2>\n<ul class=\"wsp-scopes-list\">\n<li><a href=\"https:\/\/mboageek.com\/en\/scope\/not_global\/\">not_global<\/a><\/li>\n<\/ul>\n<\/div>[\/et_pb_code][\/et_pb_column][\/et_pb_row][\/et_pb_section]<\/p>\n","protected":false},"excerpt":{"rendered":"<p>Plan du site<div class=\"wsp-container\"><h2 class=\"wsp-pages-title\">Pages<\/h2>\n<ul class=\"wsp-pages-list\">\n<li class=\"page_item page-item-124\"><a href=\"https:\/\/mboageek.com\/en\/\">Home<\/a><\/li>\n<li class=\"page_item page-item-315\"><a href=\"https:\/\/mboageek.com\/en\/blog\/\">Blog<\/a><\/li>\n<li class=\"page_item page-item-281\"><a href=\"https:\/\/mboageek.com\/en\/contact\/\">Contact<\/a><\/li>\n<li class=\"page_item page-item-384\"><a href=\"https:\/\/mboageek.com\/en\/mentions-legales\/\">Mentions l\u00e9gales<\/a><\/li>\n<li class=\"page_item page-item-230\"><a href=\"https:\/\/mboageek.com\/en\/notre-agence\/\">About us<\/a><\/li>\n<li class=\"page_item page-item-802\"><a href=\"https:\/\/mboageek.com\/en\/plan-du-site\/\">Plan du site<\/a><\/li>\n<li class=\"page_item page-item-764\"><a href=\"https:\/\/mboageek.com\/en\/politique-de-confidentialite\/\">Politique de confidentialit\u00e9<\/a><\/li>\n<li class=\"page_item page-item-401\"><a href=\"https:\/\/mboageek.com\/en\/realisations\/\">Projects<\/a><\/li>\n<li class=\"page_item page-item-290\"><a href=\"https:\/\/mboageek.com\/en\/tarifs\/\">Pricing<\/a><\/li>\n<li class=\"page_item page-item-1107\"><a href=\"https:\/\/mboageek.com\/en\/widgetpack-test\/\">Widgetpack Test<\/a><\/li>\n<\/ul>\n<h2 class=\"wsp-posts-title\">Posts by category<\/h2>\n<ul class=\"wsp-posts-list\">\n\t<li><strong class=\"wsp-category-title\">Category: <a href=\"https:\/\/mboageek.com\/en\/category\/applications-mobiles\/\">Applications mobiles<\/a><\/strong>\n<ul class=\"wsp-posts-list\">\t\t<li class=\"wsp-post\"><a href=\"https:\/\/mboageek.com\/en\/cles-du-developpement-dapplications-mobiles\/\">Les 5 cl\u00e9s du d\u00e9veloppement d&rsquo;applications mobiles<\/a><\/li>\n\t\t<li class=\"wsp-post\"><a href=\"https:\/\/mboageek.com\/en\/les-10-erreurs-de-conception-web-qui-enervent-les-utilisateurs-mobiles\/\">Les 10 erreurs de conception web qui \u00e9nervent les utilisateurs mobiles<\/a><\/li>\n<\/ul><\/li>\n\t<li><strong class=\"wsp-category-title\">Category: <a href=\"https:\/\/mboageek.com\/en\/category\/conseil\/\">Conseils et astuces<\/a><\/strong>\n<ul class=\"wsp-posts-list\">\t\t<li class=\"wsp-post\"><a href=\"https:\/\/mboageek.com\/en\/6-points-qui-peuvent-rendre-un-design-web-moins-cher-tres-couteux\/\">6 points qui peuvent rendre un design web \u00ab\u00a0moins cher\u00a0\u00bb tr\u00e8s co\u00fbteux<\/a><\/li>\n\t\t<li class=\"wsp-post\"><a href=\"https:\/\/mboageek.com\/en\/8-facons-de-booster-votre-creativite\/\">8 fa\u00e7ons de booster votre cr\u00e9ativit\u00e9<\/a><\/li>\n\t\t<li class=\"wsp-post\"><a href=\"https:\/\/mboageek.com\/en\/que-doit-faire-une-entreprise-lorsquil-ny-a-pas-de-clients\/\">Que doit faire une entreprise lorsqu&rsquo;il n&rsquo;y a pas de clients?<\/a><\/li>\n\t\t<li class=\"wsp-post\"><a href=\"https:\/\/mboageek.com\/en\/les-meilleurs-conseils-pour-travailler-a-distance\/\">Les meilleurs conseils pour travailler \u00e0 distance<\/a><\/li>\n\t\t<li class=\"wsp-post\"><a href=\"https:\/\/mboageek.com\/en\/3-conseils-pour-ameliorer-votre-experience-utilisateur\/\">3 conseils pour am\u00e9liorer votre exp\u00e9rience utilisateur<\/a><\/li>\n\t\t<li class=\"wsp-post\"><a href=\"https:\/\/mboageek.com\/en\/une-agence-digitale-peut-faire-ces-5-choses-pour-vous\/\">Une agence digitale peut faire ces 5 choses pour vous<\/a><\/li>\n\t\t<li class=\"wsp-post\"><a href=\"https:\/\/mboageek.com\/en\/votre-site-utilise-til-deja-le-protocole-https\/\">Votre site web utilise t&rsquo;il d\u00e9j\u00e0 le protocole HTTPS?<\/a><\/li>\n\t\t<li class=\"wsp-post\"><a href=\"https:\/\/mboageek.com\/en\/6-methodes-simples-pour-ameliorer-la-securite-de-son-site-internet\/\">6 m\u00e9thodes simples pour am\u00e9liorer la s\u00e9curit\u00e9 de son site internet<\/a><\/li>\n\t\t<li class=\"wsp-post\"><a href=\"https:\/\/mboageek.com\/en\/rendez-votre-site-plus-rapide-avec-5-astuces\/\">Rendez votre site plus rapide avec 5 astuces<\/a><\/li>\n<\/ul><\/li>\n\t<li><strong class=\"wsp-category-title\">Category: <a href=\"https:\/\/mboageek.com\/en\/category\/content-management\/\">Content management<\/a><\/strong>\n<ul class=\"wsp-posts-list\">\t\t<li class=\"wsp-post\"><a href=\"https:\/\/mboageek.com\/en\/7-habitudes-des-createurs-de-contenu-efficaces\/\">7 habitudes des cr\u00e9ateurs de contenu efficaces<\/a><\/li>\n<\/ul><\/li>\n\t<li><strong class=\"wsp-category-title\">Category: <a href=\"https:\/\/mboageek.com\/en\/category\/marketing-digital\/\">Marketing digital<\/a><\/strong>\n<ul class=\"wsp-posts-list\">\t\t<li class=\"wsp-post\"><a href=\"https:\/\/mboageek.com\/en\/7-services-quune-agence-de-marketing-digital-peut-vous-offrir\/\">7 services qu&rsquo;une agence de marketing digital peut vous offrir<\/a><\/li>\n\t\t<li class=\"wsp-post\"><a href=\"https:\/\/mboageek.com\/en\/les-tendances-du-marketing-sur-les-reseaux-sociaux-en-2020\/\">Les tendances du marketing sur les r\u00e9seaux sociaux en 2020<\/a><\/li>\n\t\t<li class=\"wsp-post\"><a href=\"https:\/\/mboageek.com\/en\/boostez-votre-strategie-sur-les-reseaux-sociaux-en-4-astuces\/\">Boostez votre strat\u00e9gie sur les r\u00e9seaux sociaux en 4 astuces<\/a><\/li>\n<\/ul><\/li>\n\t<li><strong class=\"wsp-category-title\">Category: <a href=\"https:\/\/mboageek.com\/en\/category\/non-classe\/\">Non class\u00e9<\/a><\/strong>\n<ul class=\"wsp-posts-list\">\t\t<li class=\"wsp-post\"><a href=\"https:\/\/mboageek.com\/en\/5-raisons-pour-lesquelles-vous-avez-besoin-de-plus-que-la-publicite-traditionnelle\/\">5 raisons pour lesquelles vous avez besoin de plus que la publicit\u00e9 traditionnelle<\/a><\/li>\n<\/ul><\/li>\n\t<li><strong class=\"wsp-category-title\">Category: <a href=\"https:\/\/mboageek.com\/en\/category\/sites-web\/\">Sites internet<\/a><\/strong>\n<ul class=\"wsp-posts-list\">\t\t<li class=\"wsp-post\"><a href=\"https:\/\/mboageek.com\/en\/conseils-pour-la-maintenance-du-site-web-de-votre-entreprise\/\">Conseils pour la maintenance du site web de votre entreprise<\/a><\/li>\n\t\t<li class=\"wsp-post\"><a href=\"https:\/\/mboageek.com\/en\/4-elements-qui-affectent-lergonomie-de-votre-site-web\/\">4 \u00e9l\u00e9ments qui affectent l&rsquo;ergonomie de votre site web<\/a><\/li>\n\t\t<li class=\"wsp-post\"><a href=\"https:\/\/mboageek.com\/en\/les-6-avantages-dun-site-web\/\">The 6 advantages of a website<\/a><\/li>\n\t\t<li class=\"wsp-post\"><a href=\"https:\/\/mboageek.com\/en\/les-10-qualites-dun-site-web\/\">The 10 qualities of a website<\/a><\/li>\n<\/ul><\/li>\n<\/ul>\n<h2 class=\"wsp-projects-title\">Projects<\/h2>\n<ul class=\"wsp-projects-list\">\n<li><a href=\"https:\/\/mboageek.com\/en\/project\/site-web-du-lycee-bilingue-de-garoua\/\">Site web du lyc\u00e9e bilingue de Garoua<\/a><\/li>\n<li><a href=\"https:\/\/mboageek.com\/en\/project\/site-web-de-i-zone-muzik\/\">I-Zone Muzik website<\/a><\/li>\n<li><a href=\"https:\/\/mboageek.com\/en\/project\/site-web-de-lbioclin\/\">LBioClin website<\/a><\/li>\n<li><a href=\"https:\/\/mboageek.com\/en\/project\/site-vitrine-de-ges-sarl\/\">GES Sarl website<\/a><\/li>\n<li><a href=\"https:\/\/mboageek.com\/en\/project\/site-web-de-lacager\/\">Site web de l'ACAGER<\/a><\/li>\n<\/ul>\n<h2 class=\"wsp-layout_types-title\">Type<\/h2>\n<ul class=\"wsp-layout_types-list\">\n<li><a href=\"https:\/\/mboageek.com\/en\/layout_type\/module\/\">module<\/a><\/li>\n<li><a href=\"https:\/\/mboageek.com\/en\/layout_type\/section\/\">section<\/a><\/li>\n<\/ul>\n<h2 class=\"wsp-module_widths-title\">Module Width<\/h2>\n<ul class=\"wsp-module_widths-list\">\n<li><a href=\"https:\/\/mboageek.com\/en\/module_width\/regular\/\">regular<\/a><\/li>\n<\/ul>\n<h2 class=\"wsp-scopes-title\">Scope<\/h2>\n<ul class=\"wsp-scopes-list\">\n<li><a href=\"https:\/\/mboageek.com\/en\/scope\/not_global\/\">not_global<\/a><\/li>\n<\/ul>\n<\/div><\/p>","protected":false},"author":1,"featured_media":0,"parent":0,"menu_order":0,"comment_status":"closed","ping_status":"closed","template":"","meta":{"_et_pb_use_builder":"on","_et_pb_old_content":"","_et_gb_content_width":"","footnotes":""},"class_list":["post-802","page","type-page","status-publish","hentry"],"yoast_head":"<!-- This site is optimized with the Yoast SEO plugin v27.5 - https:\/\/yoast.com\/product\/yoast-seo-wordpress\/ -->\n<title>Plan du site - Mboageek<\/title>\n<meta name=\"robots\" content=\"index, follow, max-snippet:-1, max-image-preview:large, max-video-preview:-1\" \/>\n<link rel=\"canonical\" href=\"https:\/\/mboageek.com\/en\/plan-du-site\/\" \/>\n<meta property=\"og:locale\" content=\"en_GB\" \/>\n<meta property=\"og:type\" content=\"article\" \/>\n<meta property=\"og:title\" content=\"Plan du site - Mboageek\" \/>\n<meta property=\"og:description\" content=\"Plan du site\" \/>\n<meta property=\"og:url\" content=\"https:\/\/mboageek.com\/en\/plan-du-site\/\" \/>\n<meta property=\"og:site_name\" content=\"Mboageek\" \/>\n<meta property=\"article:modified_time\" content=\"2020-01-28T23:36:49+00:00\" \/>\n<meta name=\"twitter:card\" content=\"summary_large_image\" \/>\n<meta name=\"twitter:label1\" content=\"Estimated reading time\" \/>\n\t<meta name=\"twitter:data1\" content=\"1 minute\" \/>\n<script type=\"application\/ld+json\" class=\"yoast-schema-graph\">{\"@context\":\"https:\\\/\\\/schema.org\",\"@graph\":[{\"@type\":\"WebPage\",\"@id\":\"https:\\\/\\\/mboageek.com\\\/plan-du-site\\\/\",\"url\":\"https:\\\/\\\/mboageek.com\\\/plan-du-site\\\/\",\"name\":\"Plan du site - Mboageek\",\"isPartOf\":{\"@id\":\"https:\\\/\\\/mboageek.com\\\/#website\"},\"datePublished\":\"2020-01-28T23:36:48+00:00\",\"dateModified\":\"2020-01-28T23:36:49+00:00\",\"breadcrumb\":{\"@id\":\"https:\\\/\\\/mboageek.com\\\/plan-du-site\\\/#breadcrumb\"},\"inLanguage\":\"en-GB\",\"potentialAction\":[{\"@type\":\"ReadAction\",\"target\":[\"https:\\\/\\\/mboageek.com\\\/plan-du-site\\\/\"]}]},{\"@type\":\"BreadcrumbList\",\"@id\":\"https:\\\/\\\/mboageek.com\\\/plan-du-site\\\/#breadcrumb\",\"itemListElement\":[{\"@type\":\"ListItem\",\"position\":1,\"name\":\"Accueil\",\"item\":\"https:\\\/\\\/mboageek.com\\\/\"},{\"@type\":\"ListItem\",\"position\":2,\"name\":\"Plan du site\"}]},{\"@type\":\"WebSite\",\"@id\":\"https:\\\/\\\/mboageek.com\\\/#website\",\"url\":\"https:\\\/\\\/mboageek.com\\\/\",\"name\":\"Mboageek\",\"description\":\"Agence web pour entrepreneurs africains et diaspora\",\"potentialAction\":[{\"@type\":\"SearchAction\",\"target\":{\"@type\":\"EntryPoint\",\"urlTemplate\":\"https:\\\/\\\/mboageek.com\\\/?s={search_term_string}\"},\"query-input\":{\"@type\":\"PropertyValueSpecification\",\"valueRequired\":true,\"valueName\":\"search_term_string\"}}],\"inLanguage\":\"en-GB\"}]}<\/script>\n<!-- \/ Yoast SEO plugin. -->","yoast_head_json":{"title":"Plan du site - Mboageek","robots":{"index":"index","follow":"follow","max-snippet":"max-snippet:-1","max-image-preview":"max-image-preview:large","max-video-preview":"max-video-preview:-1"},"canonical":"https:\/\/mboageek.com\/en\/plan-du-site\/","og_locale":"en_GB","og_type":"article","og_title":"Plan du site - Mboageek","og_description":"Plan du site","og_url":"https:\/\/mboageek.com\/en\/plan-du-site\/","og_site_name":"Mboageek","article_modified_time":"2020-01-28T23:36:49+00:00","twitter_card":"summary_large_image","twitter_misc":{"Estimated reading time":"1 minute"},"schema":{"@context":"https:\/\/schema.org","@graph":[{"@type":"WebPage","@id":"https:\/\/mboageek.com\/plan-du-site\/","url":"https:\/\/mboageek.com\/plan-du-site\/","name":"Plan du site - Mboageek","isPartOf":{"@id":"https:\/\/mboageek.com\/#website"},"datePublished":"2020-01-28T23:36:48+00:00","dateModified":"2020-01-28T23:36:49+00:00","breadcrumb":{"@id":"https:\/\/mboageek.com\/plan-du-site\/#breadcrumb"},"inLanguage":"en-GB","potentialAction":[{"@type":"ReadAction","target":["https:\/\/mboageek.com\/plan-du-site\/"]}]},{"@type":"BreadcrumbList","@id":"https:\/\/mboageek.com\/plan-du-site\/#breadcrumb","itemListElement":[{"@type":"ListItem","position":1,"name":"Accueil","item":"https:\/\/mboageek.com\/"},{"@type":"ListItem","position":2,"name":"Plan du site"}]},{"@type":"WebSite","@id":"https:\/\/mboageek.com\/#website","url":"https:\/\/mboageek.com\/","name":"Mboageek","description":"Agence web pour entrepreneurs africains et diaspora","potentialAction":[{"@type":"SearchAction","target":{"@type":"EntryPoint","urlTemplate":"https:\/\/mboageek.com\/?s={search_term_string}"},"query-input":{"@type":"PropertyValueSpecification","valueRequired":true,"valueName":"search_term_string"}}],"inLanguage":"en-GB"}]}},"_links":{"self":[{"href":"https:\/\/mboageek.com\/en\/wp-json\/wp\/v2\/pages\/802","targetHints":{"allow":["GET"]}}],"collection":[{"href":"https:\/\/mboageek.com\/en\/wp-json\/wp\/v2\/pages"}],"about":[{"href":"https:\/\/mboageek.com\/en\/wp-json\/wp\/v2\/types\/page"}],"author":[{"embeddable":true,"href":"https:\/\/mboageek.com\/en\/wp-json\/wp\/v2\/users\/1"}],"replies":[{"embeddable":true,"href":"https:\/\/mboageek.com\/en\/wp-json\/wp\/v2\/comments?post=802"}],"version-history":[{"count":2,"href":"https:\/\/mboageek.com\/en\/wp-json\/wp\/v2\/pages\/802\/revisions"}],"predecessor-version":[{"id":805,"href":"https:\/\/mboageek.com\/en\/wp-json\/wp\/v2\/pages\/802\/revisions\/805"}],"wp:attachment":[{"href":"https:\/\/mboageek.com\/en\/wp-json\/wp\/v2\/media?parent=802"}],"curies":[{"name":"wp","href":"https:\/\/api.w.org\/{rel}","templated":true}]}}